{"id":1310,"date":"2021-05-19T10:08:34","date_gmt":"2021-05-19T10:08:34","guid":{"rendered":"https:\/\/quintadefermil.pt\/?page_id=1310"},"modified":"2021-09-01T16:43:41","modified_gmt":"2021-09-01T16:43:41","slug":"lugares-magicos","status":"publish","type":"page","link":"https:\/\/quintadefermil.pt\/en\/lugares-magicos\/","title":{"rendered":"Magical Places"},"content":{"rendered":"<div data-elementor-type=\"wp-page\" data-elementor-id=\"1310\" class=\"elementor elementor-1310\" data-elementor-settings=\"[]\">\n\t\t\t\t\t\t\t<div class=\"elementor-section-wrap\">\n\t\t\t\t\t\t\t<section class=\"elementor-section elementor-top-section elementor-element elementor-element-dd15a23 elementor-section-boxed elementor-section-height-default elementor-section-height-default\" data-id=\"dd15a23\" data-element_type=\"section\">\n\t\t\t\t\t\t<div class=\"elementor-container elementor-column-gap-default\">\n\t\t\t\t\t<div class=\"elementor-column elementor-col-100 elementor-top-column elementor-element elementor-element-1ebdbfb\" data-id=\"1ebdbfb\" data-element_type=\"column\">\n\t\t\t<div class=\"elementor-widget-wrap elementor-element-populated\">\n\t\t\t\t\t\t\t\t<div class=\"elementor-element elementor-element-b8aeb6f elementor-widget elementor-widget-heading\" data-id=\"b8aeb6f\" data-element_type=\"widget\" data-widget_type=\"heading.default\">\n\t\t\t\t<div class=\"elementor-widget-container\">\n\t\t\t<h1 class=\"elementor-heading-title elementor-size-default\">Magical Places<\/h1>\t\t<\/div>\n\t\t\t\t<\/div>\n\t\t\t\t\t<\/div>\n\t\t<\/div>\n\t\t\t\t\t\t\t<\/div>\n\t\t<\/section>\n\t\t\t\t<section class=\"elementor-section elementor-top-section elementor-element elementor-element-c19b52c elementor-section-boxed elementor-section-height-default elementor-section-height-default\" data-id=\"c19b52c\" data-element_type=\"section\">\n\t\t\t\t\t\t<div class=\"elementor-container elementor-column-gap-default\">\n\t\t\t\t\t<div class=\"elementor-column elementor-col-100 elementor-top-column elementor-element elementor-element-6dd1142\" data-id=\"6dd1142\" data-element_type=\"column\">\n\t\t\t<div class=\"elementor-widget-wrap elementor-element-populated\">\n\t\t\t\t\t\t\t\t<div class=\"elementor-element elementor-element-9df4406 elementor-widget elementor-widget-text-editor\" data-id=\"9df4406\" data-element_type=\"widget\" data-widget_type=\"text-editor.default\">\n\t\t\t\t<div class=\"elementor-widget-container\">\n\t\t\t\t\t\t\t\t<p style=\"text-align: center;\">Magical places that you can enjoy during a pleasant stay at our farm.<\/p>\t\t\t\t\t\t<\/div>\n\t\t\t\t<\/div>\n\t\t\t\t\t<\/div>\n\t\t<\/div>\n\t\t\t\t\t\t\t<\/div>\n\t\t<\/section>\n\t\t\t\t<section class=\"elementor-section elementor-top-section elementor-element elementor-element-efbd84f elementor-section-boxed elementor-section-height-default elementor-section-height-default\" data-id=\"efbd84f\" data-element_type=\"section\">\n\t\t\t\t\t\t<div class=\"elementor-container elementor-column-gap-default\">\n\t\t\t\t\t<div class=\"elementor-column elementor-col-100 elementor-top-column elementor-element elementor-element-aa4db05\" data-id=\"aa4db05\" data-element_type=\"column\">\n\t\t\t<div class=\"elementor-widget-wrap elementor-element-populated\">\n\t\t\t\t\t\t\t\t<div class=\"elementor-element elementor-element-58cd8a3 elementor-widget elementor-widget-image-gallery\" data-id=\"58cd8a3\" data-element_type=\"widget\" data-widget_type=\"image-gallery.default\">\n\t\t\t\t<div class=\"elementor-widget-container\">\n\t\t\t\t\t<div class=\"elementor-image-gallery\">\n\t\t\t\n\t\t<style type=\"text\/css\">\n\t\t\t#gallery-1 {\n\t\t\t\tmargin: auto;\n\t\t\t}\n\t\t\t#gallery-1 .gallery-item {\n\t\t\t\tfloat: left;\n\t\t\t\tmargin-top: 10px;\n\t\t\t\ttext-align: center;\n\t\t\t\twidth: 25%;\n\t\t\t}\n\t\t\t#gallery-1 img {\n\t\t\t\tborder: 2px solid #cfcfcf;\n\t\t\t}\n\t\t\t#gallery-1 .gallery-caption {\n\t\t\t\tmargin-left: 0;\n\t\t\t}\n\t\t\t\/* see gallery_shortcode() in wp-includes\/media.php *\/\n\t\t<\/style>\n\t\t<div id='gallery-1' class='gallery galleryid-1310 gallery-columns-4 gallery-size-thumbnail'><dl class='gallery-item'>\n\t\t\t<dt class='gallery-icon landscape'>\n\t\t\t\t<a data-elementor-open-lightbox=\"yes\" data-elementor-lightbox-slideshow=\"58cd8a3\" data-elementor-lightbox-title=\"_MG_2197-HDR\" href='https:\/\/quintadefermil.pt\/wp-content\/uploads\/sites\/17\/2021\/09\/MG_2197-HDR.jpg'><img width=\"150\" height=\"150\" src=\"https:\/\/quintadefermil.pt\/wp-content\/uploads\/sites\/17\/2021\/09\/MG_2197-HDR-150x150.jpg\" class=\"attachment-thumbnail size-thumbnail\" alt=\"\" loading=\"lazy\" \/><\/a>\n\t\t\t<\/dt><\/dl><dl class='gallery-item'>\n\t\t\t<dt class='gallery-icon landscape'>\n\t\t\t\t<a data-elementor-open-lightbox=\"yes\" data-elementor-lightbox-slideshow=\"58cd8a3\" data-elementor-lightbox-title=\"_MG_2201-HDR\" href='https:\/\/quintadefermil.pt\/wp-content\/uploads\/sites\/17\/2021\/09\/MG_2201-HDR.jpg'><img width=\"150\" height=\"150\" src=\"https:\/\/quintadefermil.pt\/wp-content\/uploads\/sites\/17\/2021\/09\/MG_2201-HDR-150x150.jpg\" class=\"attachment-thumbnail size-thumbnail\" alt=\"\" loading=\"lazy\" \/><\/a>\n\t\t\t<\/dt><\/dl><dl class='gallery-item'>\n\t\t\t<dt class='gallery-icon landscape'>\n\t\t\t\t<a data-elementor-open-lightbox=\"yes\" data-elementor-lightbox-slideshow=\"58cd8a3\" data-elementor-lightbox-title=\"_MG_2206-HDR\" href='https:\/\/quintadefermil.pt\/wp-content\/uploads\/sites\/17\/2021\/09\/MG_2206-HDR.jpg'><img width=\"150\" height=\"150\" src=\"https:\/\/quintadefermil.pt\/wp-content\/uploads\/sites\/17\/2021\/09\/MG_2206-HDR-150x150.jpg\" class=\"attachment-thumbnail size-thumbnail\" alt=\"\" loading=\"lazy\" \/><\/a>\n\t\t\t<\/dt><\/dl><dl class='gallery-item'>\n\t\t\t<dt class='gallery-icon landscape'>\n\t\t\t\t<a data-elementor-open-lightbox=\"yes\" data-elementor-lightbox-slideshow=\"58cd8a3\" data-elementor-lightbox-title=\"_MG_2221 (Large)\" href='https:\/\/quintadefermil.pt\/wp-content\/uploads\/sites\/17\/2021\/09\/MG_2221-Large.jpg'><img width=\"150\" height=\"150\" src=\"https:\/\/quintadefermil.pt\/wp-content\/uploads\/sites\/17\/2021\/09\/MG_2221-Large-150x150.jpg\" class=\"attachment-thumbnail size-thumbnail\" alt=\"\" loading=\"lazy\" \/><\/a>\n\t\t\t<\/dt><\/dl><br style=\"clear: both\" \/><dl class='gallery-item'>\n\t\t\t<dt class='gallery-icon landscape'>\n\t\t\t\t<a data-elementor-open-lightbox=\"yes\" data-elementor-lightbox-slideshow=\"58cd8a3\" data-elementor-lightbox-title=\"_MG_2222\" href='https:\/\/quintadefermil.pt\/wp-content\/uploads\/sites\/17\/2021\/09\/MG_2222.jpg'><img width=\"150\" height=\"150\" src=\"https:\/\/quintadefermil.pt\/wp-content\/uploads\/sites\/17\/2021\/09\/MG_2222-150x150.jpg\" class=\"attachment-thumbnail size-thumbnail\" alt=\"\" loading=\"lazy\" \/><\/a>\n\t\t\t<\/dt><\/dl><dl class='gallery-item'>\n\t\t\t<dt class='gallery-icon landscape'>\n\t\t\t\t<a data-elementor-open-lightbox=\"yes\" data-elementor-lightbox-slideshow=\"58cd8a3\" data-elementor-lightbox-title=\"_MG_2226\" href='https:\/\/quintadefermil.pt\/wp-content\/uploads\/sites\/17\/2021\/09\/MG_2226.jpg'><img width=\"150\" height=\"150\" src=\"https:\/\/quintadefermil.pt\/wp-content\/uploads\/sites\/17\/2021\/09\/MG_2226-150x150.jpg\" class=\"attachment-thumbnail size-thumbnail\" alt=\"\" loading=\"lazy\" \/><\/a>\n\t\t\t<\/dt><\/dl><dl class='gallery-item'>\n\t\t\t<dt class='gallery-icon landscape'>\n\t\t\t\t<a data-elementor-open-lightbox=\"yes\" data-elementor-lightbox-slideshow=\"58cd8a3\" data-elementor-lightbox-title=\"DJI_0322-HDR\" href='https:\/\/quintadefermil.pt\/wp-content\/uploads\/sites\/17\/2021\/09\/DJI_0322-HDR.jpg'><img width=\"150\" height=\"150\" src=\"https:\/\/quintadefermil.pt\/wp-content\/uploads\/sites\/17\/2021\/09\/DJI_0322-HDR-150x150.jpg\" class=\"attachment-thumbnail size-thumbnail\" alt=\"\" loading=\"lazy\" \/><\/a>\n\t\t\t<\/dt><\/dl><dl class='gallery-item'>\n\t\t\t<dt class='gallery-icon landscape'>\n\t\t\t\t<a data-elementor-open-lightbox=\"yes\" data-elementor-lightbox-slideshow=\"58cd8a3\" data-elementor-lightbox-title=\"DJI_0355-HDR\" href='https:\/\/quintadefermil.pt\/wp-content\/uploads\/sites\/17\/2021\/09\/DJI_0355-HDR.jpg'><img width=\"150\" height=\"150\" src=\"https:\/\/quintadefermil.pt\/wp-content\/uploads\/sites\/17\/2021\/09\/DJI_0355-HDR-150x150.jpg\" class=\"attachment-thumbnail size-thumbnail\" alt=\"\" loading=\"lazy\" \/><\/a>\n\t\t\t<\/dt><\/dl><br style=\"clear: both\" \/><dl class='gallery-item'>\n\t\t\t<dt class='gallery-icon landscape'>\n\t\t\t\t<a data-elementor-open-lightbox=\"yes\" data-elementor-lightbox-slideshow=\"58cd8a3\" data-elementor-lightbox-title=\"2\" href='https:\/\/quintadefermil.pt\/wp-content\/uploads\/sites\/17\/2021\/05\/2.jpg'><img width=\"150\" height=\"150\" src=\"https:\/\/quintadefermil.pt\/wp-content\/uploads\/sites\/17\/2021\/05\/2-150x150.jpg\" class=\"attachment-thumbnail size-thumbnail\" alt=\"\" loading=\"lazy\" \/><\/a>\n\t\t\t<\/dt><\/dl><dl class='gallery-item'>\n\t\t\t<dt class='gallery-icon landscape'>\n\t\t\t\t<a data-elementor-open-lightbox=\"yes\" data-elementor-lightbox-slideshow=\"58cd8a3\" data-elementor-lightbox-title=\"IMG-20210430-WA0051\" href='https:\/\/quintadefermil.pt\/wp-content\/uploads\/sites\/17\/2021\/05\/IMG-20210430-WA0051-2.jpg'><img width=\"150\" height=\"150\" src=\"https:\/\/quintadefermil.pt\/wp-content\/uploads\/sites\/17\/2021\/05\/IMG-20210430-WA0051-2-150x150.jpg\" class=\"attachment-thumbnail size-thumbnail\" alt=\"\" loading=\"lazy\" \/><\/a>\n\t\t\t<\/dt><\/dl><dl class='gallery-item'>\n\t\t\t<dt class='gallery-icon landscape'>\n\t\t\t\t<a data-elementor-open-lightbox=\"yes\" data-elementor-lightbox-slideshow=\"58cd8a3\" data-elementor-lightbox-title=\"DJI_0343-HDR\" href='https:\/\/quintadefermil.pt\/wp-content\/uploads\/sites\/17\/2021\/09\/DJI_0343-HDR.jpg'><img width=\"150\" height=\"150\" src=\"https:\/\/quintadefermil.pt\/wp-content\/uploads\/sites\/17\/2021\/09\/DJI_0343-HDR-150x150.jpg\" class=\"attachment-thumbnail size-thumbnail\" alt=\"\" loading=\"lazy\" \/><\/a>\n\t\t\t<\/dt><\/dl><dl class='gallery-item'>\n\t\t\t<dt class='gallery-icon landscape'>\n\t\t\t\t<a data-elementor-open-lightbox=\"yes\" data-elementor-lightbox-slideshow=\"58cd8a3\" data-elementor-lightbox-title=\"DJI_0329-HDR\" href='https:\/\/quintadefermil.pt\/wp-content\/uploads\/sites\/17\/2021\/09\/DJI_0329-HDR.jpg'><img width=\"150\" height=\"150\" src=\"https:\/\/quintadefermil.pt\/wp-content\/uploads\/sites\/17\/2021\/09\/DJI_0329-HDR-150x150.jpg\" class=\"attachment-thumbnail size-thumbnail\" alt=\"\" loading=\"lazy\" \/><\/a>\n\t\t\t<\/dt><\/dl><br style=\"clear: both\" \/><dl class='gallery-item'>\n\t\t\t<dt class='gallery-icon landscape'>\n\t\t\t\t<a data-elementor-open-lightbox=\"yes\" data-elementor-lightbox-slideshow=\"58cd8a3\" data-elementor-lightbox-title=\"DJI_0337-HDR\" href='https:\/\/quintadefermil.pt\/wp-content\/uploads\/sites\/17\/2021\/09\/DJI_0337-HDR.jpg'><img width=\"150\" height=\"150\" src=\"https:\/\/quintadefermil.pt\/wp-content\/uploads\/sites\/17\/2021\/09\/DJI_0337-HDR-150x150.jpg\" class=\"attachment-thumbnail size-thumbnail\" alt=\"\" loading=\"lazy\" \/><\/a>\n\t\t\t<\/dt><\/dl><dl class='gallery-item'>\n\t\t\t<dt class='gallery-icon landscape'>\n\t\t\t\t<a data-elementor-open-lightbox=\"yes\" data-elementor-lightbox-slideshow=\"58cd8a3\" data-elementor-lightbox-title=\"DJI_0366-HDR\" href='https:\/\/quintadefermil.pt\/wp-content\/uploads\/sites\/17\/2021\/09\/DJI_0366-HDR.jpg'><img width=\"150\" height=\"150\" src=\"https:\/\/quintadefermil.pt\/wp-content\/uploads\/sites\/17\/2021\/09\/DJI_0366-HDR-150x150.jpg\" class=\"attachment-thumbnail size-thumbnail\" alt=\"\" loading=\"lazy\" \/><\/a>\n\t\t\t<\/dt><\/dl><dl class='gallery-item'>\n\t\t\t<dt class='gallery-icon landscape'>\n\t\t\t\t<a data-elementor-open-lightbox=\"yes\" data-elementor-lightbox-slideshow=\"58cd8a3\" data-elementor-lightbox-title=\"IMG-20210430-WA0023.bak\" href='https:\/\/quintadefermil.pt\/wp-content\/uploads\/sites\/17\/2021\/05\/IMG-20210430-WA0023.bak_.jpg'><img width=\"150\" height=\"150\" src=\"https:\/\/quintadefermil.pt\/wp-content\/uploads\/sites\/17\/2021\/05\/IMG-20210430-WA0023.bak_-150x150.jpg\" class=\"attachment-thumbnail size-thumbnail\" alt=\"\" loading=\"lazy\" srcset=\"https:\/\/quintadefermil.pt\/wp-content\/uploads\/sites\/17\/2021\/05\/IMG-20210430-WA0023.bak_-150x150.jpg 150w, https:\/\/quintadefermil.pt\/wp-content\/uploads\/sites\/17\/2021\/05\/IMG-20210430-WA0023.bak_-300x298.jpg 300w, https:\/\/quintadefermil.pt\/wp-content\/uploads\/sites\/17\/2021\/05\/IMG-20210430-WA0023.bak_-768x763.jpg 768w, https:\/\/quintadefermil.pt\/wp-content\/uploads\/sites\/17\/2021\/05\/IMG-20210430-WA0023.bak_.jpg 888w\" sizes=\"(max-width: 150px) 100vw, 150px\" \/><\/a>\n\t\t\t<\/dt><\/dl><dl class='gallery-item'>\n\t\t\t<dt class='gallery-icon landscape'>\n\t\t\t\t<a data-elementor-open-lightbox=\"yes\" data-elementor-lightbox-slideshow=\"58cd8a3\" data-elementor-lightbox-title=\"F5B01A11-8ABD-473E-B6B6-5789F852B349_1_105_c\" href='https:\/\/quintadefermil.pt\/wp-content\/uploads\/sites\/17\/2021\/05\/F5B01A11-8ABD-473E-B6B6-5789F852B349_1_105_c.jpeg'><img width=\"150\" height=\"150\" src=\"https:\/\/quintadefermil.pt\/wp-content\/uploads\/sites\/17\/2021\/05\/F5B01A11-8ABD-473E-B6B6-5789F852B349_1_105_c-150x150.jpeg\" class=\"attachment-thumbnail size-thumbnail\" alt=\"\" loading=\"lazy\" \/><\/a>\n\t\t\t<\/dt><\/dl><br style=\"clear: both\" \/>\n\t\t<\/div>\n\t\t<\/div>\n\t\t\t\t<\/div>\n\t\t\t\t<\/div>\n\t\t\t\t\t<\/div>\n\t\t<\/div>\n\t\t\t\t\t\t\t<\/div>\n\t\t<\/section>\n\t\t\t\t\t\t<\/div>\n\t\t\t\t\t<\/div>","protected":false},"excerpt":{"rendered":"<p>Lugares M\u00e1gicos Lugares m\u00e1gicos que podes desfrutar numa agrad\u00e1vel estadia em nossa quinta.<\/p>","protected":false},"author":1,"featured_media":0,"parent":0,"menu_order":0,"comment_status":"closed","ping_status":"closed","template":"page-about.php","meta":[],"_links":{"self":[{"href":"https:\/\/quintadefermil.pt\/en\/wp-json\/wp\/v2\/pages\/1310"}],"collection":[{"href":"https:\/\/quintadefermil.pt\/en\/wp-json\/wp\/v2\/pages"}],"about":[{"href":"https:\/\/quintadefermil.pt\/en\/wp-json\/wp\/v2\/types\/page"}],"author":[{"embeddable":true,"href":"https:\/\/quintadefermil.pt\/en\/wp-json\/wp\/v2\/users\/1"}],"replies":[{"embeddable":true,"href":"https:\/\/quintadefermil.pt\/en\/wp-json\/wp\/v2\/comments?post=1310"}],"version-history":[{"count":26,"href":"https:\/\/quintadefermil.pt\/en\/wp-json\/wp\/v2\/pages\/1310\/revisions"}],"predecessor-version":[{"id":1466,"href":"https:\/\/quintadefermil.pt\/en\/wp-json\/wp\/v2\/pages\/1310\/revisions\/1466"}],"wp:attachment":[{"href":"https:\/\/quintadefermil.pt\/en\/wp-json\/wp\/v2\/media?parent=1310"}],"curies":[{"name":"wp","href":"https:\/\/api.w.org\/{rel}","templated":true}]}}