{"id":258,"date":"2021-04-26T10:02:37","date_gmt":"2021-04-26T10:02:37","guid":{"rendered":"https:\/\/start.celeuma.pt\/quinta-de-fermil\/?page_id=258"},"modified":"2021-05-19T17:37:44","modified_gmt":"2021-05-19T17:37:44","slug":"atividades","status":"publish","type":"page","link":"https:\/\/quintadefermil.pt\/en\/atividades\/","title":{"rendered":"Activities"},"content":{"rendered":"<div data-elementor-type=\"wp-page\" data-elementor-id=\"258\" class=\"elementor elementor-258\" data-elementor-settings=\"[]\">\n\t\t\t\t\t\t\t<div class=\"elementor-section-wrap\">\n\t\t\t\t\t\t\t<section class=\"elementor-section elementor-top-section elementor-element elementor-element-48b56ea elementor-section-boxed elementor-section-height-default elementor-section-height-default\" data-id=\"48b56ea\" data-element_type=\"section\">\n\t\t\t\t\t\t<div class=\"elementor-container elementor-column-gap-default\">\n\t\t\t\t\t<div class=\"elementor-column elementor-col-100 elementor-top-column elementor-element elementor-element-492e3c8\" data-id=\"492e3c8\" data-element_type=\"column\">\n\t\t\t<div class=\"elementor-widget-wrap elementor-element-populated\">\n\t\t\t\t\t\t\t\t<div class=\"elementor-element elementor-element-1d40e24 elementor-widget elementor-widget-heading\" data-id=\"1d40e24\" data-element_type=\"widget\" data-widget_type=\"heading.default\">\n\t\t\t\t<div class=\"elementor-widget-container\">\n\t\t\t<h1 class=\"elementor-heading-title elementor-size-default\">Activities<\/h1>\t\t<\/div>\n\t\t\t\t<\/div>\n\t\t\t\t<div class=\"elementor-element elementor-element-bf87ed4 elementor-widget elementor-widget-text-editor\" data-id=\"bf87ed4\" data-element_type=\"widget\" data-widget_type=\"text-editor.default\">\n\t\t\t\t<div class=\"elementor-widget-container\">\n\t\t\t\t\t\t\t\t<p style=\"text-align: center;\">Paradise begins here. Recharging your energy is synonymous with full journeys of discovery and contemplation.<\/p><p style=\"text-align: center;\">Here, take a deep breath of the pure country air and let yourself be conquered by uncontaminated nature.<\/p><p style=\"text-align: center;\">\u00a0Find out more: https:\/\/turismodocentro.pt\/regiao\/viseu-dao-lafoes\/<\/p><p style=\"text-align: center;\">Quinta de Fermil is the ideal place for countless activities.<\/p><p style=\"text-align: center;\">Free walks inside and outside the property.<\/p><p style=\"text-align: center;\">River walks 100 metres away.<\/p><p style=\"text-align: center;\">Walking trails within 100 metres: BTT 4 and 5 Alto da Coelheira (S. Pedro do Sul).<\/p><p style=\"text-align: center;\">Walks and picnics in the Mata da N. Sra. do Castelo, Percurso Ambiental do Cunhado, Percursos do Cambarinho and do Zela, Percurso das Poldras, Trilho da Agua e da resina, Circuito da Penoita, Senhor da Agonia.<\/p><p style=\"text-align: center;\">Canyoning sports activities on the River Teixeira.<\/p><p style=\"text-align: center;\">Visits to the historic city of Viseu.<\/p><p style=\"text-align: center;\">Visits to the towns of S\u00e3o Pedro do Sul and Vouzela.<\/p><p style=\"text-align: center;\">Wellness and health experiences at the Termas de S. Pedro do Sul.<\/p><p style=\"text-align: center;\">Cultural visits to the Roman Baths, the Municipal Museums of Oliveira de Frades and Vouzela, the Medieval Tower of Vilharigues, Castro da C\u00e1rcoda, the Penoita Circuit, among others.<\/p><p style=\"text-align: center;\">\u2018With a landscape dominated by the mountainous grandeur of the hills, the Viseu D\u00e3o Laf\u00f5es region is the destination of choice for those looking to combine outdoor fun with a feeling of total well-being. Let yourself be carried away by green hills and valleys to discover secret streams and get to know the rural charm of the villages that dot the landscape.\u2019\u00a0<\/p>\t\t\t\t\t\t<\/div>\n\t\t\t\t<\/div>\n\t\t\t\t\t<\/div>\n\t\t<\/div>\n\t\t\t\t\t\t\t<\/div>\n\t\t<\/section>\n\t\t\t\t<section class=\"elementor-section elementor-top-section elementor-element elementor-element-72dcffb elementor-section-boxed elementor-section-height-default elementor-section-height-default\" data-id=\"72dcffb\" data-element_type=\"section\">\n\t\t\t\t\t\t<div class=\"elementor-container elementor-column-gap-default\">\n\t\t\t\t\t<div class=\"elementor-column elementor-col-100 elementor-top-column elementor-element elementor-element-b072bbf\" data-id=\"b072bbf\" data-element_type=\"column\">\n\t\t\t<div class=\"elementor-widget-wrap elementor-element-populated\">\n\t\t\t\t\t\t\t\t<div class=\"elementor-element elementor-element-ade028d elementor-align-center elementor-widget elementor-widget-button\" data-id=\"ade028d\" data-element_type=\"widget\" data-widget_type=\"button.default\">\n\t\t\t\t<div class=\"elementor-widget-container\">\n\t\t\t\t\t<div class=\"elementor-button-wrapper\">\n\t\t\t<a href=\"https:\/\/quintadefermil.pt\/en\/contacto\/\" class=\"elementor-button-link elementor-button elementor-size-sm\" role=\"button\">\n\t\t\t\t\t\t<span class=\"elementor-button-content-wrapper\">\n\t\t\t\t\t\t<span class=\"elementor-button-text\">Book<\/span>\n\t\t<\/span>\n\t\t\t\t\t<\/a>\n\t\t<\/div>\n\t\t\t\t<\/div>\n\t\t\t\t<\/div>\n\t\t\t\t\t<\/div>\n\t\t<\/div>\n\t\t\t\t\t\t\t<\/div>\n\t\t<\/section>\n\t\t\t\t<section class=\"elementor-section elementor-top-section elementor-element elementor-element-eb019e6 elementor-section-boxed elementor-section-height-default elementor-section-height-default\" data-id=\"eb019e6\" data-element_type=\"section\">\n\t\t\t\t\t\t<div class=\"elementor-container elementor-column-gap-default\">\n\t\t\t\t\t<div class=\"elementor-column elementor-col-100 elementor-top-column elementor-element elementor-element-77be434\" data-id=\"77be434\" data-element_type=\"column\">\n\t\t\t<div class=\"elementor-widget-wrap elementor-element-populated\">\n\t\t\t\t\t\t\t\t<div class=\"elementor-element elementor-element-4d090fa elementor-widget elementor-widget-image-gallery\" data-id=\"4d090fa\" data-element_type=\"widget\" data-widget_type=\"image-gallery.default\">\n\t\t\t\t<div class=\"elementor-widget-container\">\n\t\t\t\t\t<div class=\"elementor-image-gallery\">\n\t\t\t\n\t\t<style type=\"text\/css\">\n\t\t\t#gallery-1 {\n\t\t\t\tmargin: auto;\n\t\t\t}\n\t\t\t#gallery-1 .gallery-item {\n\t\t\t\tfloat: left;\n\t\t\t\tmargin-top: 10px;\n\t\t\t\ttext-align: center;\n\t\t\t\twidth: 25%;\n\t\t\t}\n\t\t\t#gallery-1 img {\n\t\t\t\tborder: 2px solid #cfcfcf;\n\t\t\t}\n\t\t\t#gallery-1 .gallery-caption {\n\t\t\t\tmargin-left: 0;\n\t\t\t}\n\t\t\t\/* see gallery_shortcode() in wp-includes\/media.php *\/\n\t\t<\/style>\n\t\t<div id='gallery-1' class='gallery galleryid-258 gallery-columns-4 gallery-size-thumbnail'><dl class='gallery-item'>\n\t\t\t<dt class='gallery-icon landscape'>\n\t\t\t\t<a data-elementor-open-lightbox=\"yes\" data-elementor-lightbox-slideshow=\"4d090fa\" data-elementor-lightbox-title=\"1\" href='https:\/\/quintadefermil.pt\/wp-content\/uploads\/sites\/17\/2021\/05\/1-2.jpg'><img width=\"150\" height=\"150\" src=\"https:\/\/quintadefermil.pt\/wp-content\/uploads\/sites\/17\/2021\/05\/1-2-150x150.jpg\" class=\"attachment-thumbnail size-thumbnail\" alt=\"\" loading=\"lazy\" \/><\/a>\n\t\t\t<\/dt><\/dl><dl class='gallery-item'>\n\t\t\t<dt class='gallery-icon landscape'>\n\t\t\t\t<a data-elementor-open-lightbox=\"yes\" data-elementor-lightbox-slideshow=\"4d090fa\" data-elementor-lightbox-title=\"100_2680a\" href='https:\/\/quintadefermil.pt\/wp-content\/uploads\/sites\/17\/2021\/05\/100_2680a-2.jpg'><img width=\"150\" height=\"150\" src=\"https:\/\/quintadefermil.pt\/wp-content\/uploads\/sites\/17\/2021\/05\/100_2680a-2-150x150.jpg\" class=\"attachment-thumbnail size-thumbnail\" alt=\"\" loading=\"lazy\" \/><\/a>\n\t\t\t<\/dt><\/dl><dl class='gallery-item'>\n\t\t\t<dt class='gallery-icon landscape'>\n\t\t\t\t<a data-elementor-open-lightbox=\"yes\" data-elementor-lightbox-slideshow=\"4d090fa\" data-elementor-lightbox-title=\"59837170b6230.bak\" href='https:\/\/quintadefermil.pt\/wp-content\/uploads\/sites\/17\/2021\/05\/59837170b6230.bak_-1.png'><img width=\"150\" height=\"150\" src=\"https:\/\/quintadefermil.pt\/wp-content\/uploads\/sites\/17\/2021\/05\/59837170b6230.bak_-1-150x150.png\" class=\"attachment-thumbnail size-thumbnail\" alt=\"\" loading=\"lazy\" \/><\/a>\n\t\t\t<\/dt><\/dl><dl class='gallery-item'>\n\t\t\t<dt class='gallery-icon landscape'>\n\t\t\t\t<a data-elementor-open-lightbox=\"yes\" data-elementor-lightbox-slideshow=\"4d090fa\" data-elementor-lightbox-title=\"canyoning_teixeira_6\" href='https:\/\/quintadefermil.pt\/wp-content\/uploads\/sites\/17\/2021\/05\/canyoning_teixeira_6-2.jpg'><img width=\"150\" height=\"150\" src=\"https:\/\/quintadefermil.pt\/wp-content\/uploads\/sites\/17\/2021\/05\/canyoning_teixeira_6-2-150x150.jpg\" class=\"attachment-thumbnail size-thumbnail\" alt=\"\" loading=\"lazy\" \/><\/a>\n\t\t\t<\/dt><\/dl><br style=\"clear: both\" \/><dl class='gallery-item'>\n\t\t\t<dt class='gallery-icon landscape'>\n\t\t\t\t<a data-elementor-open-lightbox=\"yes\" data-elementor-lightbox-slideshow=\"4d090fa\" data-elementor-lightbox-title=\"caramulinho\" href='https:\/\/quintadefermil.pt\/wp-content\/uploads\/sites\/17\/2021\/05\/caramulinho-1.jpg'><img width=\"150\" height=\"150\" src=\"https:\/\/quintadefermil.pt\/wp-content\/uploads\/sites\/17\/2021\/05\/caramulinho-1-150x150.jpg\" class=\"attachment-thumbnail size-thumbnail\" alt=\"\" loading=\"lazy\" \/><\/a>\n\t\t\t<\/dt><\/dl><dl class='gallery-item'>\n\t\t\t<dt class='gallery-icon landscape'>\n\t\t\t\t<a data-elementor-open-lightbox=\"yes\" data-elementor-lightbox-slideshow=\"4d090fa\" data-elementor-lightbox-title=\"images\" href='https:\/\/quintadefermil.pt\/wp-content\/uploads\/sites\/17\/2021\/05\/images-1.jpeg'><img width=\"150\" height=\"150\" src=\"https:\/\/quintadefermil.pt\/wp-content\/uploads\/sites\/17\/2021\/05\/images-1-150x150.jpeg\" class=\"attachment-thumbnail size-thumbnail\" alt=\"\" loading=\"lazy\" \/><\/a>\n\t\t\t<\/dt><\/dl><dl class='gallery-item'>\n\t\t\t<dt class='gallery-icon landscape'>\n\t\t\t\t<a data-elementor-open-lightbox=\"yes\" data-elementor-lightbox-slideshow=\"4d090fa\" data-elementor-lightbox-title=\"MT_rio_teixeira\" href='https:\/\/quintadefermil.pt\/wp-content\/uploads\/sites\/17\/2021\/05\/MT_rio_teixeira-2.jpg'><img width=\"150\" height=\"150\" src=\"https:\/\/quintadefermil.pt\/wp-content\/uploads\/sites\/17\/2021\/05\/MT_rio_teixeira-2-150x150.jpg\" class=\"attachment-thumbnail size-thumbnail\" alt=\"\" loading=\"lazy\" \/><\/a>\n\t\t\t<\/dt><\/dl><dl class='gallery-item'>\n\t\t\t<dt class='gallery-icon landscape'>\n\t\t\t\t<a data-elementor-open-lightbox=\"yes\" data-elementor-lightbox-slideshow=\"4d090fa\" data-elementor-lightbox-title=\"PR5-Caminho de Sa\u0303o Miguel do Maro,Vouzelal 12072008 9555.j-L\" href='https:\/\/quintadefermil.pt\/wp-content\/uploads\/sites\/17\/2021\/05\/PR5-Caminho-de-Sa\u0303o-Miguel-do-MaroVouzelal-12072008-9555.j-L-2.jpg'><img width=\"150\" height=\"150\" src=\"https:\/\/quintadefermil.pt\/wp-content\/uploads\/sites\/17\/2021\/05\/PR5-Caminho-de-Sa\u0303o-Miguel-do-MaroVouzelal-12072008-9555.j-L-2-150x150.jpg\" class=\"attachment-thumbnail size-thumbnail\" alt=\"\" loading=\"lazy\" \/><\/a>\n\t\t\t<\/dt><\/dl><br style=\"clear: both\" \/><dl class='gallery-item'>\n\t\t\t<dt class='gallery-icon landscape'>\n\t\t\t\t<a data-elementor-open-lightbox=\"yes\" data-elementor-lightbox-slideshow=\"4d090fa\" data-elementor-lightbox-title=\"Represa_no_Rio_Alfusqueiro_(34141831481).bak\" href='https:\/\/quintadefermil.pt\/wp-content\/uploads\/sites\/17\/2021\/05\/Represa_no_Rio_Alfusqueiro_34141831481.bak_.jpg'><img width=\"150\" height=\"150\" src=\"https:\/\/quintadefermil.pt\/wp-content\/uploads\/sites\/17\/2021\/05\/Represa_no_Rio_Alfusqueiro_34141831481.bak_-150x150.jpg\" class=\"attachment-thumbnail size-thumbnail\" alt=\"\" loading=\"lazy\" \/><\/a>\n\t\t\t<\/dt><\/dl><dl class='gallery-item'>\n\t\t\t<dt class='gallery-icon landscape'>\n\t\t\t\t<a data-elementor-open-lightbox=\"yes\" data-elementor-lightbox-slideshow=\"4d090fa\" data-elementor-lightbox-title=\"Represa_no_Rio_Alfusqueiro_(34141831481)\" href='https:\/\/quintadefermil.pt\/wp-content\/uploads\/sites\/17\/2021\/05\/Represa_no_Rio_Alfusqueiro_34141831481-2.jpg'><img width=\"150\" height=\"150\" src=\"https:\/\/quintadefermil.pt\/wp-content\/uploads\/sites\/17\/2021\/05\/Represa_no_Rio_Alfusqueiro_34141831481-2-150x150.jpg\" class=\"attachment-thumbnail size-thumbnail\" alt=\"\" loading=\"lazy\" \/><\/a>\n\t\t\t<\/dt><\/dl><dl class='gallery-item'>\n\t\t\t<dt class='gallery-icon landscape'>\n\t\t\t\t<a data-elementor-open-lightbox=\"yes\" data-elementor-lightbox-slideshow=\"4d090fa\" data-elementor-lightbox-title=\"Sa\u0303o-Pedro-do-Sul_Rio-Vouga1_PT.bak\" href='https:\/\/quintadefermil.pt\/wp-content\/uploads\/sites\/17\/2021\/05\/Sa\u0303o-Pedro-do-Sul_Rio-Vouga1_PT.bak_.jpg'><img width=\"150\" height=\"150\" src=\"https:\/\/quintadefermil.pt\/wp-content\/uploads\/sites\/17\/2021\/05\/Sa\u0303o-Pedro-do-Sul_Rio-Vouga1_PT.bak_-150x150.jpg\" class=\"attachment-thumbnail size-thumbnail\" alt=\"\" loading=\"lazy\" \/><\/a>\n\t\t\t<\/dt><\/dl><dl class='gallery-item'>\n\t\t\t<dt class='gallery-icon landscape'>\n\t\t\t\t<a data-elementor-open-lightbox=\"yes\" data-elementor-lightbox-slideshow=\"4d090fa\" data-elementor-lightbox-title=\"Sa\u0303o-Pedro-do-Sul_Rio-Vouga1_PT\" href='https:\/\/quintadefermil.pt\/wp-content\/uploads\/sites\/17\/2021\/05\/Sa\u0303o-Pedro-do-Sul_Rio-Vouga1_PT-2.jpg'><img width=\"150\" height=\"150\" src=\"https:\/\/quintadefermil.pt\/wp-content\/uploads\/sites\/17\/2021\/05\/Sa\u0303o-Pedro-do-Sul_Rio-Vouga1_PT-2-150x150.jpg\" class=\"attachment-thumbnail size-thumbnail\" alt=\"\" loading=\"lazy\" \/><\/a>\n\t\t\t<\/dt><\/dl><br style=\"clear: both\" \/><dl class='gallery-item'>\n\t\t\t<dt class='gallery-icon landscape'>\n\t\t\t\t<a data-elementor-open-lightbox=\"yes\" data-elementor-lightbox-slideshow=\"4d090fa\" data-elementor-lightbox-title=\"serra sao macario\" href='https:\/\/quintadefermil.pt\/wp-content\/uploads\/sites\/17\/2021\/05\/serra-sao-macario-1.jpg'><img width=\"150\" height=\"150\" src=\"https:\/\/quintadefermil.pt\/wp-content\/uploads\/sites\/17\/2021\/05\/serra-sao-macario-1-150x150.jpg\" class=\"attachment-thumbnail size-thumbnail\" alt=\"\" loading=\"lazy\" \/><\/a>\n\t\t\t<\/dt><\/dl><dl class='gallery-item'>\n\t\t\t<dt class='gallery-icon landscape'>\n\t\t\t\t<a data-elementor-open-lightbox=\"yes\" data-elementor-lightbox-slideshow=\"4d090fa\" data-elementor-lightbox-title=\"Viseu__0002_VISEU-shutterstock_7780780-1-1130x650\" href='https:\/\/quintadefermil.pt\/wp-content\/uploads\/sites\/17\/2021\/05\/Viseu__0002_VISEU-shutterstock_7780780-1-1130x650-2.jpg'><img width=\"150\" height=\"150\" src=\"https:\/\/quintadefermil.pt\/wp-content\/uploads\/sites\/17\/2021\/05\/Viseu__0002_VISEU-shutterstock_7780780-1-1130x650-2-150x150.jpg\" class=\"attachment-thumbnail size-thumbnail\" alt=\"\" loading=\"lazy\" \/><\/a>\n\t\t\t<\/dt><\/dl><dl class='gallery-item'>\n\t\t\t<dt class='gallery-icon landscape'>\n\t\t\t\t<a data-elementor-open-lightbox=\"yes\" data-elementor-lightbox-slideshow=\"4d090fa\" data-elementor-lightbox-title=\"Viseu_660x371\" href='https:\/\/quintadefermil.pt\/wp-content\/uploads\/sites\/17\/2021\/05\/Viseu_660x371-2.jpg'><img width=\"150\" height=\"150\" src=\"https:\/\/quintadefermil.pt\/wp-content\/uploads\/sites\/17\/2021\/05\/Viseu_660x371-2-150x150.jpg\" class=\"attachment-thumbnail size-thumbnail\" alt=\"\" loading=\"lazy\" \/><\/a>\n\t\t\t<\/dt><\/dl><dl class='gallery-item'>\n\t\t\t<dt class='gallery-icon landscape'>\n\t\t\t\t<a data-elementor-open-lightbox=\"yes\" data-elementor-lightbox-slideshow=\"4d090fa\" data-elementor-lightbox-title=\"Vouzela\" href='https:\/\/quintadefermil.pt\/wp-content\/uploads\/sites\/17\/2021\/05\/Vouzela-2.jpg'><img width=\"150\" height=\"150\" src=\"https:\/\/quintadefermil.pt\/wp-content\/uploads\/sites\/17\/2021\/05\/Vouzela-2-150x150.jpg\" class=\"attachment-thumbnail size-thumbnail\" alt=\"\" loading=\"lazy\" \/><\/a>\n\t\t\t<\/dt><\/dl><br style=\"clear: both\" \/>\n\t\t<\/div>\n\t\t<\/div>\n\t\t\t\t<\/div>\n\t\t\t\t<\/div>\n\t\t\t\t\t<\/div>\n\t\t<\/div>\n\t\t\t\t\t\t\t<\/div>\n\t\t<\/section>\n\t\t\t\t\t\t<\/div>\n\t\t\t\t\t<\/div>","protected":false},"excerpt":{"rendered":"<p>Atividades O para\u00edso come\u00e7a aqui. Recarregar as energias \u00e9 sin\u00f3nimo de jornadas plenas, de descobertas e contempla\u00e7\u00e3o. Aqui, respire profundamente o ar puro do campo e deixe-se conquistar pela natureza incontaminada. \u00a0Saiba mais: https:\/\/turismodocentro.pt\/regiao\/viseu-dao-lafoes\/ A Quinta de Fermil \u00e9 o local ideal para in\u00fameras atividades. Caminhadas livres dentro e fora da propriedade. Passeios no Rio [&hellip;]<\/p>","protected":false},"author":1,"featured_media":0,"parent":0,"menu_order":2,"comment_status":"closed","ping_status":"closed","template":"page-gallery.php","meta":[],"_links":{"self":[{"href":"https:\/\/quintadefermil.pt\/en\/wp-json\/wp\/v2\/pages\/258"}],"collection":[{"href":"https:\/\/quintadefermil.pt\/en\/wp-json\/wp\/v2\/pages"}],"about":[{"href":"https:\/\/quintadefermil.pt\/en\/wp-json\/wp\/v2\/types\/page"}],"author":[{"embeddable":true,"href":"https:\/\/quintadefermil.pt\/en\/wp-json\/wp\/v2\/users\/1"}],"replies":[{"embeddable":true,"href":"https:\/\/quintadefermil.pt\/en\/wp-json\/wp\/v2\/comments?post=258"}],"version-history":[{"count":111,"href":"https:\/\/quintadefermil.pt\/en\/wp-json\/wp\/v2\/pages\/258\/revisions"}],"predecessor-version":[{"id":1376,"href":"https:\/\/quintadefermil.pt\/en\/wp-json\/wp\/v2\/pages\/258\/revisions\/1376"}],"wp:attachment":[{"href":"https:\/\/quintadefermil.pt\/en\/wp-json\/wp\/v2\/media?parent=258"}],"curies":[{"name":"wp","href":"https:\/\/api.w.org\/{rel}","templated":true}]}}