{"id":63,"date":"2021-04-24T10:28:22","date_gmt":"2021-04-24T10:28:22","guid":{"rendered":"https:\/\/start.celeuma.pt\/quinta-de-fermil\/?page_id=63"},"modified":"2024-04-18T14:25:06","modified_gmt":"2024-04-18T14:25:06","slug":"a-quinta","status":"publish","type":"page","link":"https:\/\/quintadefermil.pt\/en\/","title":{"rendered":"Start"},"content":{"rendered":"<div data-elementor-type=\"wp-page\" data-elementor-id=\"63\" class=\"elementor elementor-63\" data-elementor-settings=\"[]\">\n\t\t\t\t\t\t\t<div class=\"elementor-section-wrap\">\n\t\t\t\t\t\t\t<section class=\"elementor-section elementor-top-section elementor-element elementor-element-1b54d5d elementor-section-boxed elementor-section-height-default elementor-section-height-default\" data-id=\"1b54d5d\" data-element_type=\"section\">\n\t\t\t\t\t\t<div class=\"elementor-container elementor-column-gap-default\">\n\t\t\t\t\t<div class=\"elementor-column elementor-col-100 elementor-top-column elementor-element elementor-element-6b02596\" data-id=\"6b02596\" data-element_type=\"column\">\n\t\t\t<div class=\"elementor-widget-wrap elementor-element-populated\">\n\t\t\t\t\t\t\t\t<div class=\"elementor-element elementor-element-825b262 elementor-align-center elementor-widget elementor-widget-button\" data-id=\"825b262\" data-element_type=\"widget\" data-widget_type=\"button.default\">\n\t\t\t\t<div class=\"elementor-widget-container\">\n\t\t\t\t\t<div class=\"elementor-button-wrapper\">\n\t\t\t<a href=\"https:\/\/quintadefermil.pt\/en\/contacto\/\" class=\"elementor-button-link elementor-button elementor-size-sm\" role=\"button\">\n\t\t\t\t\t\t<span class=\"elementor-button-content-wrapper\">\n\t\t\t\t\t\t<span class=\"elementor-button-text\">Book<\/span>\n\t\t<\/span>\n\t\t\t\t\t<\/a>\n\t\t<\/div>\n\t\t\t\t<\/div>\n\t\t\t\t<\/div>\n\t\t\t\t\t<\/div>\n\t\t<\/div>\n\t\t\t\t\t\t\t<\/div>\n\t\t<\/section>\n\t\t\t\t<section class=\"elementor-section elementor-top-section elementor-element elementor-element-aef2ba3 elementor-section-boxed elementor-section-height-default elementor-section-height-default\" data-id=\"aef2ba3\" data-element_type=\"section\">\n\t\t\t\t\t\t<div class=\"elementor-container elementor-column-gap-default\">\n\t\t\t\t\t<div class=\"elementor-column elementor-col-100 elementor-top-column elementor-element elementor-element-678d160\" data-id=\"678d160\" data-element_type=\"column\">\n\t\t\t<div class=\"elementor-widget-wrap elementor-element-populated\">\n\t\t\t\t\t\t\t\t<div class=\"elementor-element elementor-element-72ac757 elementor-widget-divider--separator-type-pattern elementor-widget-divider--view-line elementor-widget elementor-widget-divider\" data-id=\"72ac757\" data-element_type=\"widget\" data-widget_type=\"divider.default\">\n\t\t\t\t<div class=\"elementor-widget-container\">\n\t\t\t\t\t<div class=\"elementor-divider\" style=\"--divider-pattern-url: url(&quot;data:image\/svg+xml,%3Csvg xmlns=&#039;http:\/\/www.w3.org\/2000\/svg&#039; preserveAspectRatio=&#039;none&#039; overflow=&#039;visible&#039; height=&#039;100%&#039; viewBox=&#039;0 0 24 24&#039; fill=&#039;none&#039; stroke=&#039;black&#039; stroke-width=&#039;1&#039; stroke-linecap=&#039;square&#039; stroke-miterlimit=&#039;10&#039;%3E%3Cpolyline points=&#039;0,18 12,6 24,18 &#039;\/%3E%3C\/svg%3E&quot;);\">\n\t\t\t<span class=\"elementor-divider-separator\">\n\t\t\t\t\t\t<\/span>\n\t\t<\/div>\n\t\t\t\t<\/div>\n\t\t\t\t<\/div>\n\t\t\t\t\t<\/div>\n\t\t<\/div>\n\t\t\t\t\t\t\t<\/div>\n\t\t<\/section>\n\t\t\t\t<section class=\"elementor-section elementor-top-section elementor-element elementor-element-5933d2a elementor-section-boxed elementor-section-height-default elementor-section-height-default\" data-id=\"5933d2a\" data-element_type=\"section\">\n\t\t\t\t\t\t<div class=\"elementor-container elementor-column-gap-default\">\n\t\t\t\t\t<div class=\"elementor-column elementor-col-100 elementor-top-column elementor-element elementor-element-12318ab\" data-id=\"12318ab\" data-element_type=\"column\">\n\t\t\t<div class=\"elementor-widget-wrap elementor-element-populated\">\n\t\t\t\t\t\t\t\t<div class=\"elementor-element elementor-element-b873f48 elementor-widget elementor-widget-heading\" data-id=\"b873f48\" data-element_type=\"widget\" data-widget_type=\"heading.default\">\n\t\t\t\t<div class=\"elementor-widget-container\">\n\t\t\t<h1 class=\"elementor-heading-title elementor-size-default\">About Quinta de Fermil<\/h1>\t\t<\/div>\n\t\t\t\t<\/div>\n\t\t\t\t<div class=\"elementor-element elementor-element-99b223a elementor-widget elementor-widget-text-editor\" data-id=\"99b223a\" data-element_type=\"widget\" data-widget_type=\"text-editor.default\">\n\t\t\t\t<div class=\"elementor-widget-container\">\n\t\t\t\t\t\t\t\t<p style=\"text-align: center;\"><span dir=\"ltr\">Quinta de Fermil: where nature awakens the senses, tranquility takes center stage, and only the melodies of the surrounding environment will be heard!\u00a0<\/span><span dir=\"ltr\">apenas as melodias da natureza envolvente se far\u00e3o ouvir!<\/span><\/p><p style=\"text-align: center;\"><span dir=\"ltr\">In this enchanting location, you can explore unique spaces such as the historic Chapel, the infinity outdoor pool\u00a0<\/span><span dir=\"ltr\">with an idyllic green landscape at its feet; the terraced fields of the property that invite leisurely strolls and exploration;\u00a0<\/span><span dir=\"ltr\">or the \u201cLovers\u2019 Fountain,\u201d where legend has it that wishes for love made here always come true.<\/span><\/p><p style=\"text-align: center;\"><span dir=\"ltr\">In the surrounding area, it\u2019s worth discovering the beauty of the mountains, rivers, and hidden gems that will spark your imagination.\u00a0<\/span><span dir=\"ltr\">From self-guided walks within and beyond the property, to hiking trails, pedestrian and cycling routes\u00a0<\/span><span dir=\"ltr\">of great historical and environmental interest, as well as visits to the city of Viseu and the charming towns of Vouzela and S\u00e3o Pedro do Sul.<\/span>l.<\/p><p style=\"text-align: center;\"><span dir=\"ltr\">It is an ideal location to enjoy the health and wellness programs of the S\u00e3o Pedro do Sul Thermal Baths. A\u00a0<\/span><span dir=\"ltr\">variety of outdoor activities can also be organized nearby, such as canyoning in the Teixeira River.<\/span><\/p><p style=\"text-align: center;\"><span dir=\"ltr\">Situated in the D\u00e3o Laf\u00f5es sub-region, in the heart of Portugal, the property is easily accessible via the A25 or A24 motorways.\u00a0<\/span><span dir=\"ltr\">It is approximately 7 km from the S\u00e3o Pedro do Sul Thermal Baths, 20 km from Viseu, 44 km from Lamego, 70 km from Aveiro, 90 km\u00a0<\/span><span dir=\"ltr\">from Serra da Estrela, 110 km from Porto, and 130 km from Spain.\u00a0<\/span><span dir=\"ltr\">The nearest airport is Francisco S\u00e1 Carneiro Airport, 76 km away.<\/span><\/p><p style=\"text-align: center;\"><span dir=\"ltr\">The property spans about 6 hectares of fields and woods and is centered around the historic\u00a0<\/span><span dir=\"ltr\">Solar de Fermil, a centuries-old granite structure. Its original architecture has been preserved while integrating modern comfort and functionality.<\/span>oje.<\/p><p style=\"text-align: center;\"><span dir=\"ltr\">The Quinta offers 3 independent houses that can be rented separately or together\u00a0<\/span><span dir=\"ltr\">Each house is fully equipped with kitchens, bedrooms, private bathrooms, spacious living areas, terraces,\u00a0<\/span><span dir=\"ltr\">private garden spaces, and independent access to shared outdoor areas.<\/span><\/p><p style=\"text-align: center;\"><span dir=\"ltr\">The capacity of the houses ranges from 4 to 8 and 2 to 12 guests, with the option of hosting\u00a0<\/span><span dir=\"ltr\">exclusive groups of up to 32 people.<\/span><\/p><p style=\"text-align: center;\"><span dir=\"ltr\">Quinta de Fermil offers a unique combination of features that will provide you\u00a0<\/span><span dir=\"ltr\">with a stay full of positive energy and unforgettable experiences.<\/span>s.<\/p>\t\t\t\t\t\t<\/div>\n\t\t\t\t<\/div>\n\t\t\t\t\t<\/div>\n\t\t<\/div>\n\t\t\t\t\t\t\t<\/div>\n\t\t<\/section>\n\t\t\t\t<section class=\"elementor-section elementor-top-section elementor-element elementor-element-ebca7e3 elementor-section-boxed elementor-section-height-default elementor-section-height-default\" data-id=\"ebca7e3\" data-element_type=\"section\">\n\t\t\t\t\t\t<div class=\"elementor-container elementor-column-gap-default\">\n\t\t\t\t\t<div class=\"elementor-column elementor-col-100 elementor-top-column elementor-element elementor-element-7ab9447\" data-id=\"7ab9447\" data-element_type=\"column\">\n\t\t\t<div class=\"elementor-widget-wrap elementor-element-populated\">\n\t\t\t\t\t\t\t\t<div class=\"elementor-element elementor-element-ce8fea7 elementor-align-center elementor-widget elementor-widget-button\" data-id=\"ce8fea7\" data-element_type=\"widget\" data-widget_type=\"button.default\">\n\t\t\t\t<div class=\"elementor-widget-container\">\n\t\t\t\t\t<div class=\"elementor-button-wrapper\">\n\t\t\t<a href=\"https:\/\/quintadefermil.pt\/en\/casas\/\" class=\"elementor-button-link elementor-button elementor-size-sm\" role=\"button\">\n\t\t\t\t\t\t<span class=\"elementor-button-content-wrapper\">\n\t\t\t\t\t\t<span class=\"elementor-button-text\">Find Out More<\/span>\n\t\t<\/span>\n\t\t\t\t\t<\/a>\n\t\t<\/div>\n\t\t\t\t<\/div>\n\t\t\t\t<\/div>\n\t\t\t\t\t<\/div>\n\t\t<\/div>\n\t\t\t\t\t\t\t<\/div>\n\t\t<\/section>\n\t\t\t\t<section class=\"elementor-section elementor-top-section elementor-element elementor-element-5490bd1 elementor-section-boxed elementor-section-height-default elementor-section-height-default\" data-id=\"5490bd1\" data-element_type=\"section\">\n\t\t\t\t\t\t<div class=\"elementor-container elementor-column-gap-default\">\n\t\t\t\t\t<div class=\"elementor-column elementor-col-100 elementor-top-column elementor-element elementor-element-b1ee6ed\" data-id=\"b1ee6ed\" data-element_type=\"column\">\n\t\t\t<div class=\"elementor-widget-wrap elementor-element-populated\">\n\t\t\t\t\t\t\t\t<div class=\"elementor-element elementor-element-079a0bc elementor-widget-divider--view-line elementor-widget elementor-widget-divider\" data-id=\"079a0bc\" data-element_type=\"widget\" data-widget_type=\"divider.default\">\n\t\t\t\t<div class=\"elementor-widget-container\">\n\t\t\t\t\t<div class=\"elementor-divider\">\n\t\t\t<span class=\"elementor-divider-separator\">\n\t\t\t\t\t\t<\/span>\n\t\t<\/div>\n\t\t\t\t<\/div>\n\t\t\t\t<\/div>\n\t\t\t\t\t<\/div>\n\t\t<\/div>\n\t\t\t\t\t\t\t<\/div>\n\t\t<\/section>\n\t\t\t\t\t\t<\/div>\n\t\t\t\t\t<\/div>","protected":false},"excerpt":{"rendered":"<p>Reservar Sobre a Quinta Quinta de Fermil, onde a natureza desperta os sentidos, a tranquilidade ganha lugar e&nbsp;apenas as melodias da natureza envolvente se far\u00e3o ouvir! Neste local de encontros poder\u00e1 descobrir espa\u00e7os \u00fanicos como a antiga Capela, a piscina exterior de transbordo,&nbsp;com uma paisagem verde id\u00edlica ao seu sop\u00e9; os socalcos da propriedade que [&hellip;]<\/p>","protected":false},"author":1,"featured_media":0,"parent":0,"menu_order":0,"comment_status":"closed","ping_status":"closed","template":"page-home.php","meta":[],"_links":{"self":[{"href":"https:\/\/quintadefermil.pt\/en\/wp-json\/wp\/v2\/pages\/63"}],"collection":[{"href":"https:\/\/quintadefermil.pt\/en\/wp-json\/wp\/v2\/pages"}],"about":[{"href":"https:\/\/quintadefermil.pt\/en\/wp-json\/wp\/v2\/types\/page"}],"author":[{"embeddable":true,"href":"https:\/\/quintadefermil.pt\/en\/wp-json\/wp\/v2\/users\/1"}],"replies":[{"embeddable":true,"href":"https:\/\/quintadefermil.pt\/en\/wp-json\/wp\/v2\/comments?post=63"}],"version-history":[{"count":169,"href":"https:\/\/quintadefermil.pt\/en\/wp-json\/wp\/v2\/pages\/63\/revisions"}],"predecessor-version":[{"id":1647,"href":"https:\/\/quintadefermil.pt\/en\/wp-json\/wp\/v2\/pages\/63\/revisions\/1647"}],"wp:attachment":[{"href":"https:\/\/quintadefermil.pt\/en\/wp-json\/wp\/v2\/media?parent=63"}],"curies":[{"name":"wp","href":"https:\/\/api.w.org\/{rel}","templated":true}]}}